{"id":9,"date":"2025-01-29T21:09:54","date_gmt":"2025-01-29T20:09:54","guid":{"rendered":"https:\/\/tri-team-geisenfeld.de\/wordpress\/?page_id=9"},"modified":"2025-01-29T21:33:34","modified_gmt":"2025-01-29T20:33:34","slug":"verein","status":"publish","type":"page","link":"https:\/\/tri-team-geisenfeld.de\/wordpress\/verein\/","title":{"rendered":"Verein"},"content":{"rendered":"\n<p><strong>Wer sind wir?<\/strong><\/p>\n\n\n\n<p>Wir sind eine junge Sparte des TV Geisenfeld, welche 2007 gegr\u00fcndet wurde.\u00a0<br>Alles begann als kleines Projekt, Kindern den Spa\u00df an der Bewegung  n\u00e4her zu bringen. Gleichzeitig machten einige Erwachsene ihre ersten Versuche bei kleinen und gro\u00dfen Triathlonveranstaltungen. <\/p>\n\n\n\n<p>Nach einigen schwierigen Jahren k\u00f6nnen wir mittlerweile wieder steigende Mitgliederzahlen verzeichnen.<\/p>\n\n\n\n<p><strong>Unsere Ziele:<\/strong><\/p>\n\n\n\n<p>Der Triathlon ist eigentlich eine Einzelsportart. Mit unserem Verein wollen wir jedoch die Anlaufstelle f\u00fcr Neulinge und ambitionierte Sportler sein. Jeder darf mitmachen aber niemand muss. Es soll der Austausch gepflegt und der Teamgeist gef\u00f6rdert werden. Wir organisieren regelm\u00e4\u00dfige Lauftreffs und Radausfahrten und sind im Schwimmbad in Geisenfeld unterwegs. <\/p>\n\n\n\n<p>In den n\u00e4chsten Jahren wollen wir weiterhin an sportlichen Events teilnehmen und neue Projekte angehen, um die Begeisterung f\u00fcr den Triathlonsport in der Region weiter zu f\u00f6rdern.<\/p>\n\n\n\n<p><strong>Unsere j\u00e4hrlichen lokalen Wettk\u00e4mpfe sind zum Beispiel:<\/strong><\/p>\n\n\n\n<p>Sport IN Laufcup mit einem Wettkampf in Geisenfeld<\/p>\n\n\n\n<p>Halbmarathon Ingolstadt<\/p>\n\n\n\n<p>Triathlon Ingolstadt<\/p>\n\n\n\n<p>Challenge Roth oder andere Langdistanzen (Ironman)<\/p>\n\n\n\n<p><\/p>\n\n\n\n<p><\/p>\n","protected":false},"excerpt":{"rendered":"<p>Wer sind wir? Wir sind eine junge Sparte des TV Geisenfeld, welche 2007 gegr\u00fcndet wurde.\u00a0Alles begann als kleines Projekt, Kindern den Spa\u00df an der Bewegung n\u00e4her zu bringen. Gleichzeitig machten einige Erwachsene ihre ersten Versuche bei kleinen und gro\u00dfen Triathlonveranstaltungen. Nach einigen schwierigen Jahren k\u00f6nnen wir mittlerweile wieder steigende Mitgliederzahlen verzeichnen. Unsere Ziele: Der Triathlon [&hellip;]<\/p>\n","protected":false},"author":1,"featured_media":0,"parent":0,"menu_order":0,"comment_status":"closed","ping_status":"closed","template":"","meta":{"footnotes":""},"class_list":["post-9","page","type-page","status-publish","hentry"],"_links":{"self":[{"href":"https:\/\/tri-team-geisenfeld.de\/wordpress\/wp-json\/wp\/v2\/pages\/9","targetHints":{"allow":["GET"]}}],"collection":[{"href":"https:\/\/tri-team-geisenfeld.de\/wordpress\/wp-json\/wp\/v2\/pages"}],"about":[{"href":"https:\/\/tri-team-geisenfeld.de\/wordpress\/wp-json\/wp\/v2\/types\/page"}],"author":[{"embeddable":true,"href":"https:\/\/tri-team-geisenfeld.de\/wordpress\/wp-json\/wp\/v2\/users\/1"}],"replies":[{"embeddable":true,"href":"https:\/\/tri-team-geisenfeld.de\/wordpress\/wp-json\/wp\/v2\/comments?post=9"}],"version-history":[{"count":3,"href":"https:\/\/tri-team-geisenfeld.de\/wordpress\/wp-json\/wp\/v2\/pages\/9\/revisions"}],"predecessor-version":[{"id":20,"href":"https:\/\/tri-team-geisenfeld.de\/wordpress\/wp-json\/wp\/v2\/pages\/9\/revisions\/20"}],"wp:attachment":[{"href":"https:\/\/tri-team-geisenfeld.de\/wordpress\/wp-json\/wp\/v2\/media?parent=9"}],"curies":[{"name":"wp","href":"https:\/\/api.w.org\/{rel}","templated":true}]}}